{"id":14,"date":"2019-08-28T14:00:38","date_gmt":"2019-08-28T05:00:38","guid":{"rendered":"http:\/\/kk-joyo.co.jp\/pt\/?page_id=14"},"modified":"2020-01-23T10:45:24","modified_gmt":"2020-01-23T01:45:24","slug":"%e4%bc%9a%e7%a4%be%e6%a1%88%e5%86%85","status":"publish","type":"page","link":"https:\/\/kk-joyo.co.jp\/pt\/?page_id=14","title":{"rendered":"Empresa"},"content":{"rendered":"<h3>Apresenta\u00e7\u00e3o da empresa<\/h3>\n<p>&nbsp;<\/p>\n<p><img decoding=\"async\" loading=\"lazy\" class=\"aligncenter wp-image-371\" src=\"http:\/\/kk-joyo.co.jp\/pt\/wp-content\/uploads\/2020\/01\/hp1.jpg\" alt=\"\" width=\"780\" height=\"520\" srcset=\"https:\/\/kk-joyo.co.jp\/pt\/wp-content\/uploads\/2020\/01\/hp1.jpg 960w, https:\/\/kk-joyo.co.jp\/pt\/wp-content\/uploads\/2020\/01\/hp1-300x200.jpg 300w, https:\/\/kk-joyo.co.jp\/pt\/wp-content\/uploads\/2020\/01\/hp1-768x512.jpg 768w\" sizes=\"(max-width: 780px) 100vw, 780px\" \/><\/p>\n<p>&nbsp;<\/p>\n<table>\n<tbody>\n<tr>\n<td width=\"283\">Nome da empresa<\/td>\n<td width=\"283\">K.K.Joyo Engineering<\/td>\n<\/tr>\n<tr>\n<td width=\"283\"><b>Matriz<\/b><\/td>\n<td width=\"283\">Ibaraki-ken Tsukuba-shi Shimana 2304<\/td>\n<\/tr>\n<tr>\n<td width=\"283\"><strong>Contato<\/strong><\/td>\n<td width=\"283\">029-896-3513<\/td>\n<\/tr>\n<tr>\n<td width=\"283\"><strong>Funda\u00e7\u00e3o<\/strong><\/td>\n<td width=\"283\">Mar\u00e7o de 1991<\/td>\n<\/tr>\n<tr>\n<td width=\"283\"><b>Representante comercial<\/b><\/td>\n<td width=\"283\">Presidente\u3000\u3000Yamaguchi Masao<\/td>\n<\/tr>\n<tr>\n<td width=\"283\"><strong>Descri\u00e7\u00e3o empresarial<\/strong><\/td>\n<td width=\"283\">Agencia de expedi\u00e7\u00e3o de funcion\u00e1rios\u00a0 \uff08N\u00famero da licensa \u6d3e <span id=\"ctl00_ctl00_cphHFContent_cphContent_repList_ctl01_lbKyokatodokedeNo\">08-300317<\/span>\uff09<\/p>\n<p>Servi\u00e7o de Outsourcing<\/td>\n<\/tr>\n<\/tbody>\n<\/table>\n<div id=\"gtx-trans\" style=\"position: absolute; left: 889px; top: 1092.55px;\">\n<div class=\"gtx-trans-icon\"><\/div>\n<\/div>\n<section class=\"veu_contact veu_contentAddSection vk_contact veu_card veu_contact-layout-horizontal\"><div class=\"contact_frame veu_card_inner\"><p class=\"contact_txt\"><span class=\"contact_txt_catch\">Fa\u00e7a uma consulta<\/span><span class=\"contact_txt_tel veu_color_txt_key\"><i class=\"contact_txt_tel_icon fas fa-phone-square\"><\/i>029-896-3513<\/span><span class=\"contact_txt_time\">Hor\u00e1rio 8:30-17:30 [ Fechado aos s\u00e1bados domingos e feriados ]<\/span><\/p><a href=\"http:\/\/kk-joyo.co.jp\/pt\/?page_id=29\" class=\"btn btn-primary btn-lg contact_bt\"><span class=\"contact_bt_txt\"><i class=\"far fa-envelope\"><\/i> Contato <i class=\"far fa-arrow-alt-circle-right\"><\/i><\/span><span class=\"contact_bt_subTxt\">Fa\u00e7a uma consulta. TEL\uff1a029-896-3513<\/span><\/a><\/div><\/section><div class=\"veu_socialSet veu_socialSet-position-after veu_contentAddSection\"><script>window.twttr=(function(d,s,id){var js,fjs=d.getElementsByTagName(s)[0],t=window.twttr||{};if(d.getElementById(id))return t;js=d.createElement(s);js.id=id;js.src=\"https:\/\/platform.twitter.com\/widgets.js\";fjs.parentNode.insertBefore(js,fjs);t._e=[];t.ready=function(f){t._e.push(f);};return t;}(document,\"script\",\"twitter-wjs\"));<\/script><ul><li class=\"sb_facebook sb_icon\"><a class=\"sb_icon_inner\" href=\"\/\/www.facebook.com\/sharer.php?src=bm&u=https%3A%2F%2Fkk-joyo.co.jp%2Fpt%2F%3Fpage_id%3D14&amp;t=JOYO%20Engineering\" target=\"_blank\" onclick=\"window.open(this.href,'FBwindow','width=650,height=450,menubar=no,toolbar=no,scrollbars=yes');return false;\"><span class=\"vk_icon_w_r_sns_fb icon_sns\"><\/span><span class=\"sns_txt\">Facebook<\/span><span class=\"veu_count_sns_fb\"><\/span><\/a><\/li><li class=\"sb_x_twitter sb_icon\"><a class=\"sb_icon_inner\" href=\"\/\/twitter.com\/intent\/tweet?url=https%3A%2F%2Fkk-joyo.co.jp%2Fpt%2F%3Fpage_id%3D14&amp;text=JOYO%20Engineering\" target=\"_blank\" ><span class=\"vk_icon_w_r_sns_x_twitter icon_sns\"><\/span><span class=\"sns_txt\">X<\/span><\/a><\/li><li class=\"sb_copy sb_icon\"><button class=\"copy-button sb_icon_inner\"data-clipboard-text=\"JOYO Engineering https:\/\/kk-joyo.co.jp\/pt\/?page_id=14\"><span class=\"vk_icon_w_r_sns_copy icon_sns\"><i class=\"fas fa-copy\"><\/i><\/span><span class=\"sns_txt\">Copy<\/span><\/button><\/li><\/ul><\/div><!-- [ \/.socialSet ] -->","protected":false},"excerpt":{"rendered":"<p>Apresenta\u00e7\u00e3o da empresa &nbsp; &nbsp; Nome da empresa K.K.Joyo Engineering Matriz Ibaraki-ken Tsukuba-shi Shimana 2304 Contato 029-896-3513 Funda\u00e7\u00e3o Mar\u00e7o de 1991 Representante comercial Presidente\u3000\u3000Yamaguchi Masao Descri\u00e7\u00e3o empresarial Agencia de expedi\u00e7\u00e3o de funcion\u00e1rios\u00a0 \uff08N\u00famero da licensa \u6d3e 08-300317\uff09 Servi\u00e7o de Outsourcing<\/p>\n","protected":false},"author":1,"featured_media":0,"parent":0,"menu_order":100,"comment_status":"closed","ping_status":"closed","template":"","meta":{"vkexunit_cta_each_option":""},"_links":{"self":[{"href":"https:\/\/kk-joyo.co.jp\/pt\/index.php?rest_route=\/wp\/v2\/pages\/14"}],"collection":[{"href":"https:\/\/kk-joyo.co.jp\/pt\/index.php?rest_route=\/wp\/v2\/pages"}],"about":[{"href":"https:\/\/kk-joyo.co.jp\/pt\/index.php?rest_route=\/wp\/v2\/types\/page"}],"author":[{"embeddable":true,"href":"https:\/\/kk-joyo.co.jp\/pt\/index.php?rest_route=\/wp\/v2\/users\/1"}],"replies":[{"embeddable":true,"href":"https:\/\/kk-joyo.co.jp\/pt\/index.php?rest_route=%2Fwp%2Fv2%2Fcomments&post=14"}],"version-history":[{"count":18,"href":"https:\/\/kk-joyo.co.jp\/pt\/index.php?rest_route=\/wp\/v2\/pages\/14\/revisions"}],"predecessor-version":[{"id":455,"href":"https:\/\/kk-joyo.co.jp\/pt\/index.php?rest_route=\/wp\/v2\/pages\/14\/revisions\/455"}],"wp:attachment":[{"href":"https:\/\/kk-joyo.co.jp\/pt\/index.php?rest_route=%2Fwp%2Fv2%2Fmedia&parent=14"}],"curies":[{"name":"wp","href":"https:\/\/api.w.org\/{rel}","templated":true}]}}