{"id":22,"date":"2019-08-28T14:03:36","date_gmt":"2019-08-28T05:03:36","guid":{"rendered":"http:\/\/kk-joyo.co.jp\/pt\/?page_id=22"},"modified":"2020-01-21T15:53:30","modified_gmt":"2020-01-21T06:53:30","slug":"%e3%81%8a%e4%bb%95%e4%ba%8b%e3%82%92%e6%8e%a2%e3%81%97%e3%81%a6%e3%81%84%e3%82%8b%e6%96%b9%e3%81%b8","status":"publish","type":"page","link":"https:\/\/kk-joyo.co.jp\/pt\/?page_id=22","title":{"rendered":"Para candidatos de emprego"},"content":{"rendered":"<h3>Candidatos de emprego<\/h3>\n<h5><span style=\"color: #339966;\">Primeiramente entre em contato e nos consulte\uff01\uff01<\/span><\/h5>\n<h5>Fique tr\u00e2nquilo. Voc\u00ea vai achar o servi\u00e7o que deseja.<\/h5>\n<h3>Para contato sobre cadastro de candidatos, favor preencher os dados necess\u00e1rios e enviar via e-mail ou ligue agora mesmo para o n\u00famero de telefone abaixo.<\/h3>\n<h4>Telefone para cadastro : <a class=\"paphone-tel\" href=\"tel:0298963513\">0298963513<\/a><\/h4>\n<div class=\"wpforms-container wpforms-container-full\" id=\"wpforms-122\"><form id=\"wpforms-form-122\" class=\"wpforms-validate wpforms-form\" data-formid=\"122\" method=\"post\" enctype=\"multipart\/form-data\" action=\"\/pt\/index.php?rest_route=%2Fwp%2Fv2%2Fpages%2F22\" data-token=\"7a1e2c997bb1ac3ef0fcc6c1df3c18af\"><noscript class=\"wpforms-error-noscript\">Ative o JavaScript no seu navegador para preencher este formul\u00e1rio.<\/noscript><div class=\"wpforms-field-container\"><div id=\"wpforms-122-field_2-container\" class=\"wpforms-field wpforms-field-name\" data-field-id=\"2\"><label class=\"wpforms-field-label\" for=\"wpforms-122-field_2\">Nome <span class=\"wpforms-required-label\">*<\/span><\/label><input type=\"text\" id=\"wpforms-122-field_2\" class=\"wpforms-field-medium wpforms-field-required\" name=\"wpforms[fields][2]\" required><\/div><div id=\"wpforms-122-field_3-container\" class=\"wpforms-field wpforms-field-text\" data-field-id=\"3\"><label class=\"wpforms-field-label\" for=\"wpforms-122-field_3\">Idade <span class=\"wpforms-required-label\">*<\/span><\/label><input type=\"text\" id=\"wpforms-122-field_3\" class=\"wpforms-field-medium wpforms-field-required\" name=\"wpforms[fields][3]\" required><\/div><div id=\"wpforms-122-field_14-container\" class=\"wpforms-field wpforms-field-radio\" data-field-id=\"14\"><label class=\"wpforms-field-label\" for=\"wpforms-122-field_14\">Sexo <span class=\"wpforms-required-label\">*<\/span><\/label><ul id=\"wpforms-122-field_14\" class=\"wpforms-field-required\"><li class=\"choice-1 depth-1\"><input type=\"radio\" id=\"wpforms-122-field_14_1\" name=\"wpforms[fields][14]\" value=\"Masculino\" required ><label class=\"wpforms-field-label-inline\" for=\"wpforms-122-field_14_1\">Masculino<\/label><\/li><li class=\"choice-2 depth-1\"><input type=\"radio\" id=\"wpforms-122-field_14_2\" name=\"wpforms[fields][14]\" value=\"Feminino\" required ><label class=\"wpforms-field-label-inline\" for=\"wpforms-122-field_14_2\">Feminino<\/label><\/li><\/ul><\/div><div id=\"wpforms-122-field_6-container\" class=\"wpforms-field wpforms-field-email\" data-field-id=\"6\"><label class=\"wpforms-field-label\" for=\"wpforms-122-field_6\">e-mail <span class=\"wpforms-required-label\">*<\/span><\/label><div class=\"wpforms-field-row wpforms-field-medium\"><div class=\"wpforms-field-row-block wpforms-one-half wpforms-first\"><input type=\"email\" id=\"wpforms-122-field_6\" class=\"wpforms-field-required wpforms-field-email-primary\" name=\"wpforms[fields][6][primary]\" spellcheck=\"false\" required><label for=\"wpforms-122-field_6\" class=\"wpforms-field-sublabel after \">E-mail<\/label><\/div><div class=\"wpforms-field-row-block wpforms-one-half\"><input type=\"email\" id=\"wpforms-122-field_6-secondary\" class=\"wpforms-field-email-secondary wpforms-field-required\" data-rule-confirm=\"#wpforms-122-field_6\" name=\"wpforms[fields][6][secondary]\" spellcheck=\"false\" required><label for=\"wpforms-122-field_6-secondary\" class=\"wpforms-field-sublabel after \">Confirmar e-mail<\/label><\/div><\/div><\/div><div id=\"wpforms-122-field_13-container\" class=\"wpforms-field wpforms-field-number\" data-field-id=\"13\"><label class=\"wpforms-field-label\" for=\"wpforms-122-field_13\">Telefone <span class=\"wpforms-required-label\">*<\/span><\/label><input type=\"number\" pattern=\"\\d*\" id=\"wpforms-122-field_13\" class=\"wpforms-field-medium wpforms-field-required\" name=\"wpforms[fields][13]\" required><\/div><div id=\"wpforms-122-field_16-container\" class=\"wpforms-field wpforms-field-text\" data-field-id=\"16\"><label class=\"wpforms-field-label\" for=\"wpforms-122-field_16\">Hor\u00e1rio que pode receber liga\u00e7\u00e3o<\/label><input type=\"text\" id=\"wpforms-122-field_16\" class=\"wpforms-field-medium\" name=\"wpforms[fields][16]\" ><div class=\"wpforms-field-description\">\u203bManh\u00e3, a tarde e especifique o hor\u00e1rio <\/div><\/div><div id=\"wpforms-122-field_17-container\" class=\"wpforms-field wpforms-field-select wpforms-field-select-style-classic\" data-field-id=\"17\"><label class=\"wpforms-field-label\" for=\"wpforms-122-field_17\">Prov\u00edncia que mora<\/label><select id=\"wpforms-122-field_17\" class=\"wpforms-field-medium\" name=\"wpforms[fields][17]\"><option value=\"Hokkaido\" >Hokkaido<\/option><option value=\"Aomori-ken\" >Aomori-ken<\/option><option value=\"Iwate-ken\" >Iwate-ken<\/option><option value=\"Miyagi-ken\" >Miyagi-ken<\/option><option value=\"Akita-ken\" >Akita-ken<\/option><option value=\"Yamagata-ken\" >Yamagata-ken<\/option><option value=\"Fukushima-ken\" >Fukushima-ken<\/option><option value=\"Ibaraki-ken\" >Ibaraki-ken<\/option><option value=\"Tochigi-ken\" >Tochigi-ken<\/option><option value=\"Gunma-ken\" >Gunma-ken<\/option><option value=\"Saitama-ken\" >Saitama-ken<\/option><option value=\"Chiba-ken\" >Chiba-ken<\/option><option value=\"Tokyo-to\" >Tokyo-to<\/option><option value=\"Kanagawa-ken\" >Kanagawa-ken<\/option><option value=\"Niigata-ken\" >Niigata-ken<\/option><option value=\"Toyama-ken\" >Toyama-ken<\/option><option value=\"Ishikawa-ken\" >Ishikawa-ken<\/option><option value=\"Fukui-ken\" >Fukui-ken<\/option><option value=\"Yamanashi-ken\" >Yamanashi-ken<\/option><option value=\"Nagano-ken\" >Nagano-ken<\/option><option value=\"Gifu-ken\" >Gifu-ken<\/option><option value=\"Shizuoka-ken\" >Shizuoka-ken<\/option><option value=\"Aichi-ken\" >Aichi-ken<\/option><option value=\"Mie-ken\" >Mie-ken<\/option><option value=\"Shiga-ken\" >Shiga-ken<\/option><option value=\"Kyoto-fu\" >Kyoto-fu<\/option><option value=\"Osaka-fu\" >Osaka-fu<\/option><option value=\"Hyougo-ken\" >Hyougo-ken<\/option><option value=\"Nara-ken\" >Nara-ken<\/option><option value=\"Wakayama-ken\" >Wakayama-ken<\/option><option value=\"Tottori-ken\" >Tottori-ken<\/option><option value=\"Shimane-ken\" >Shimane-ken<\/option><option value=\"Okayama-ken\" >Okayama-ken<\/option><option value=\"Hiroshima-ken\" >Hiroshima-ken<\/option><option value=\"Yamaguchi-ken\" >Yamaguchi-ken<\/option><option value=\"Tokushima-ken\" >Tokushima-ken<\/option><option value=\"Kagawa-ken\" >Kagawa-ken<\/option><option value=\"Ehime-ken\" >Ehime-ken<\/option><option value=\"Kouchi-ken\" >Kouchi-ken<\/option><option value=\"Fukuoka-ken\" >Fukuoka-ken<\/option><option value=\"Saga-ken\" >Saga-ken<\/option><option value=\"Nagasaki-ken\" >Nagasaki-ken<\/option><option value=\"Kumamoto-ken\" >Kumamoto-ken<\/option><option value=\"Oita-ken\" >Oita-ken<\/option><option value=\"Miyazaki-ken\" >Miyazaki-ken<\/option><option value=\"Kagoshima-ken\" >Kagoshima-ken<\/option><option value=\"Okinawa-ken\" >Okinawa-ken<\/option><\/select><\/div><div id=\"wpforms-122-field_18-container\" class=\"wpforms-field wpforms-field-textarea\" data-field-id=\"18\"><label class=\"wpforms-field-label\" for=\"wpforms-122-field_18\">Coment\u00e1rio <span class=\"wpforms-required-label\">*<\/span><\/label><textarea id=\"wpforms-122-field_18\" class=\"wpforms-field-medium wpforms-field-required\" name=\"wpforms[fields][18]\" required><\/textarea><div class=\"wpforms-field-description\">Regi\u00e3o, hor\u00e1rio, tipo de servi\u00e7o. Sinta-se a vontade <\/div><\/div><\/div><!-- .wpforms-field-container --><div class=\"wpforms-field wpforms-field-hp\"><label for=\"wpforms-122-field-hp\" class=\"wpforms-field-label\">Name<\/label><input type=\"text\" name=\"wpforms[hp]\" id=\"wpforms-122-field-hp\" class=\"wpforms-field-medium\"><\/div><div class=\"wpforms-submit-container\" ><input type=\"hidden\" name=\"wpforms[id]\" value=\"122\"><input type=\"hidden\" name=\"wpforms[author]\" value=\"1\"><button type=\"submit\" name=\"wpforms[submit]\" id=\"wpforms-submit-122\" class=\"wpforms-submit\" data-alt-text=\"Enviando...\" data-submit-text=\"Enviar\" aria-live=\"assertive\" value=\"wpforms-submit\">Enviar<\/button><\/div><\/form><\/div>  <!-- .wpforms-container -->\n<section class=\"veu_contact veu_contentAddSection vk_contact veu_card veu_contact-layout-horizontal\"><div class=\"contact_frame veu_card_inner\"><p class=\"contact_txt\"><span class=\"contact_txt_catch\">Fa\u00e7a uma consulta<\/span><span class=\"contact_txt_tel veu_color_txt_key\"><i class=\"contact_txt_tel_icon fas fa-phone-square\"><\/i>029-896-3513<\/span><span class=\"contact_txt_time\">Hor\u00e1rio 8:30-17:30 [ Fechado aos s\u00e1bados domingos e feriados ]<\/span><\/p><a href=\"http:\/\/kk-joyo.co.jp\/pt\/?page_id=29\" class=\"btn btn-primary btn-lg contact_bt\"><span class=\"contact_bt_txt\"><i class=\"far fa-envelope\"><\/i> Contato <i class=\"far fa-arrow-alt-circle-right\"><\/i><\/span><span class=\"contact_bt_subTxt\">Fa\u00e7a uma consulta. TEL\uff1a029-896-3513<\/span><\/a><\/div><\/section><div class=\"veu_socialSet veu_socialSet-position-after veu_contentAddSection\"><script>window.twttr=(function(d,s,id){var js,fjs=d.getElementsByTagName(s)[0],t=window.twttr||{};if(d.getElementById(id))return t;js=d.createElement(s);js.id=id;js.src=\"https:\/\/platform.twitter.com\/widgets.js\";fjs.parentNode.insertBefore(js,fjs);t._e=[];t.ready=function(f){t._e.push(f);};return t;}(document,\"script\",\"twitter-wjs\"));<\/script><ul><li class=\"sb_facebook sb_icon\"><a class=\"sb_icon_inner\" href=\"\/\/www.facebook.com\/sharer.php?src=bm&u=https%3A%2F%2Fkk-joyo.co.jp%2Fpt%2F%3Fpage_id%3D22&amp;t=JOYO%20Engineering\" target=\"_blank\" onclick=\"window.open(this.href,'FBwindow','width=650,height=450,menubar=no,toolbar=no,scrollbars=yes');return false;\"><span class=\"vk_icon_w_r_sns_fb icon_sns\"><\/span><span class=\"sns_txt\">Facebook<\/span><span class=\"veu_count_sns_fb\"><\/span><\/a><\/li><li class=\"sb_x_twitter sb_icon\"><a class=\"sb_icon_inner\" href=\"\/\/twitter.com\/intent\/tweet?url=https%3A%2F%2Fkk-joyo.co.jp%2Fpt%2F%3Fpage_id%3D22&amp;text=JOYO%20Engineering\" target=\"_blank\" ><span class=\"vk_icon_w_r_sns_x_twitter icon_sns\"><\/span><span class=\"sns_txt\">X<\/span><\/a><\/li><li class=\"sb_copy sb_icon\"><button class=\"copy-button sb_icon_inner\"data-clipboard-text=\"JOYO Engineering https:\/\/kk-joyo.co.jp\/pt\/?page_id=22\"><span class=\"vk_icon_w_r_sns_copy icon_sns\"><i class=\"fas fa-copy\"><\/i><\/span><span class=\"sns_txt\">Copy<\/span><\/button><\/li><\/ul><\/div><!-- [ \/.socialSet ] -->","protected":false},"excerpt":{"rendered":"<p>Candidatos de emprego Primeiramente entre em contato e nos consulte\uff01\uff01 Fique tr\u00e2nquilo. Voc\u00ea vai achar o servi\u00e7o que deseja. Para contato sobre cadastro de candidatos, favor preencher os dados necess\u00e1rios e enviar via e-mail ou ligue agora mesmo para o n\u00famero de telefone abaixo. Telefone para cadastro :<\/p>\n","protected":false},"author":1,"featured_media":0,"parent":0,"menu_order":500,"comment_status":"closed","ping_status":"closed","template":"","meta":{"vkexunit_cta_each_option":""},"_links":{"self":[{"href":"https:\/\/kk-joyo.co.jp\/pt\/index.php?rest_route=\/wp\/v2\/pages\/22"}],"collection":[{"href":"https:\/\/kk-joyo.co.jp\/pt\/index.php?rest_route=\/wp\/v2\/pages"}],"about":[{"href":"https:\/\/kk-joyo.co.jp\/pt\/index.php?rest_route=\/wp\/v2\/types\/page"}],"author":[{"embeddable":true,"href":"https:\/\/kk-joyo.co.jp\/pt\/index.php?rest_route=\/wp\/v2\/users\/1"}],"replies":[{"embeddable":true,"href":"https:\/\/kk-joyo.co.jp\/pt\/index.php?rest_route=%2Fwp%2Fv2%2Fcomments&post=22"}],"version-history":[{"count":12,"href":"https:\/\/kk-joyo.co.jp\/pt\/index.php?rest_route=\/wp\/v2\/pages\/22\/revisions"}],"predecessor-version":[{"id":408,"href":"https:\/\/kk-joyo.co.jp\/pt\/index.php?rest_route=\/wp\/v2\/pages\/22\/revisions\/408"}],"wp:attachment":[{"href":"https:\/\/kk-joyo.co.jp\/pt\/index.php?rest_route=%2Fwp%2Fv2%2Fmedia&parent=22"}],"curies":[{"name":"wp","href":"https:\/\/api.w.org\/{rel}","templated":true}]}}